{"id":9,"date":"2025-11-18T17:22:27","date_gmt":"2025-11-18T16:22:27","guid":{"rendered":"https:\/\/www.drivingcoach.de\/?page_id=9"},"modified":"2025-11-21T14:15:26","modified_gmt":"2025-11-21T13:15:26","slug":"drivingcoach-de","status":"publish","type":"page","link":"https:\/\/www.drivingcoach.de\/","title":{"rendered":"Drivingcoach.de"},"content":{"rendered":"\n<div class=\"wp-block-cover alignwide is-light\"><img loading=\"lazy\" decoding=\"async\" width=\"960\" height=\"500\" class=\"wp-block-cover__image-background wp-image-12 size-full\" alt=\"\" src=\"https:\/\/www.drivingcoach.de\/wp-content\/uploads\/2025\/11\/drivingcoach.jpg\" data-object-fit=\"cover\" srcset=\"https:\/\/www.drivingcoach.de\/wp-content\/uploads\/2025\/11\/drivingcoach.jpg 960w, https:\/\/www.drivingcoach.de\/wp-content\/uploads\/2025\/11\/drivingcoach-300x156.jpg 300w, https:\/\/www.drivingcoach.de\/wp-content\/uploads\/2025\/11\/drivingcoach-768x400.jpg 768w\" sizes=\"auto, (max-width: 960px) 100vw, 960px\" \/><span aria-hidden=\"true\" class=\"wp-block-cover__background has-contrast-background-color has-background-dim-70 has-background-dim\"><\/span><div class=\"wp-block-cover__inner-container has-global-padding is-layout-constrained wp-block-cover-is-layout-constrained\">\n<p class=\"has-text-align-center\"><\/p>\n\n\n\n<figure class=\"wp-block-image aligncenter size-full is-resized\"><img loading=\"lazy\" decoding=\"async\" width=\"500\" height=\"302\" src=\"https:\/\/www.drivingcoach.de\/wp-content\/uploads\/2025\/11\/drivingcoach_logo.png\" alt=\"\" class=\"wp-image-49\" style=\"width:300px\" srcset=\"https:\/\/www.drivingcoach.de\/wp-content\/uploads\/2025\/11\/drivingcoach_logo.png 500w, https:\/\/www.drivingcoach.de\/wp-content\/uploads\/2025\/11\/drivingcoach_logo-300x181.png 300w\" sizes=\"auto, (max-width: 500px) 100vw, 500px\" \/><\/figure>\n\n\n\n<p class=\"has-text-align-center\">\u00dcber 25 Jahre Erfahrung<br>in der PKW-Fahrausbildung<\/p>\n<\/div><\/div>\n\n\n\n<div class=\"wp-block-group alignwide has-accent-5-background-color has-background has-global-padding is-layout-constrained wp-container-core-group-is-layout-867c3d7b wp-block-group-is-layout-constrained\" style=\"margin-top:0;margin-bottom:0;padding-top:var(--wp--preset--spacing--30);padding-right:var(--wp--preset--spacing--30);padding-bottom:var(--wp--preset--spacing--30);padding-left:var(--wp--preset--spacing--30)\">\n<div style=\"height:41px\" aria-hidden=\"true\" class=\"wp-block-spacer\"><\/div>\n\n\n\n<p><strong>Seit \u00fcber 25 Jahren <\/strong>sind wir im Bereich der PKW Fahrausbildung t\u00e4tig. Unser Spektrum reicht vom<strong> PKW Fahrsicherheitstraining <\/strong>\u00fcber das <strong>Sportfahrertraining<\/strong> bis hin zu <strong>speziellen Schulungen im Bereich Personenschutz und VIP Fahrern.<\/strong><br><br>Unser Team besteht aus Spezialisten aus der milit\u00e4rischen\/polizeilichen Ausbildung und <strong>Instruktoren mit jahrelanger internationaler Rennsporterfahrung<\/strong> und sind <strong>nach den neuesten DVR-Richtlinien ausgebildet.<\/strong><\/p>\n\n\n\n<div style=\"height:41px\" aria-hidden=\"true\" class=\"wp-block-spacer\"><\/div>\n<\/div>\n\n\n\n<div class=\"wp-block-group alignwide is-style-default has-base-color has-text-color has-background has-link-color wp-elements-97417bbbf1da0b43775f5cb6cc7e7500 has-global-padding is-layout-constrained wp-container-core-group-is-layout-d5d53815 wp-block-group-is-layout-constrained\" style=\"background-color:#ffffff;margin-top:0;margin-bottom:0;padding-top:var(--wp--preset--spacing--30);padding-right:var(--wp--preset--spacing--30);padding-bottom:var(--wp--preset--spacing--30);padding-left:var(--wp--preset--spacing--30)\">\n<div style=\"height:41px\" aria-hidden=\"true\" class=\"wp-block-spacer\"><\/div>\n\n\n\n<h2 class=\"wp-block-heading has-text-align-center\">Professionelles Fahrertraining<\/h2>\n\n\n\n<div style=\"height:41px\" aria-hidden=\"true\" class=\"wp-block-spacer\"><\/div>\n\n\n\n<div class=\"wp-block-columns alignwide is-layout-flex wp-container-core-columns-is-layout-28f84493 wp-block-columns-is-layout-flex\">\n<div class=\"wp-block-column is-layout-flow wp-block-column-is-layout-flow\">\n<div class=\"wp-block-jvm-single-icon aligncenter has-text-color has-link-color wp-elements-740de7ae99e37ac9a0a377ad92dd2831\" style=\"color:#ff9900\"><i class=\"icon fa fa-car\" aria-hidden=\"true\" style=\"font-size:78px\"> <\/i><\/div>\n\n\n\n<h3 class=\"wp-block-heading has-text-align-center\">Fahrsicherheits-<br>training PKW<\/h3>\n\n\n\n<p class=\"has-text-align-center has-medium-font-size\">Lernen Sie mit uns auf speziellen Trainingspl\u00e4tzen, auf der Rennstrecke oder auf Eis das sichere und der Situation angepasste Fahren<\/p>\n<\/div>\n\n\n\n<div class=\"wp-block-column is-layout-flow wp-block-column-is-layout-flow\">\n<div class=\"wp-block-jvm-single-icon aligncenter has-text-color has-link-color wp-elements-dc1388c07ce39f5def8b43ec92d5446b\" style=\"color:#ff9900\"><i class=\"icon fa fa-rocket\" aria-hidden=\"true\" style=\"font-size:78px\"> <\/i><\/div>\n\n\n\n<h3 class=\"wp-block-heading has-text-align-center\">Sportfahrer-<br>trainings<\/h3>\n\n\n\n<p class=\"has-text-align-center has-medium-font-size\">Unsere erfahrenen Trainer und Coaches bringen Ihnen wertvolle Sekunden auf der Rennstrecke.<\/p>\n<\/div>\n\n\n\n<div class=\"wp-block-column is-layout-flow wp-block-column-is-layout-flow\">\n<div class=\"wp-block-jvm-single-icon aligncenter has-text-color has-link-color wp-elements-c7b64aea727f7a70784f163e9ebdcdac\" style=\"color:#ff9900\"><i class=\"icon fa fa-glass\" aria-hidden=\"true\" style=\"font-size:78px\"> <\/i><\/div>\n\n\n\n<h3 class=\"wp-block-heading has-text-align-center\">Fahrevents f\u00fcr <br>Firmen und Gruppen<\/h3>\n\n\n\n<p class=\"has-text-align-center has-medium-font-size\">Als Event f\u00fcr Ihre Firmenfeier oder als Inventive f\u00fcr H\u00e4ndler und Kunden, wie stellen ihnen ein spannendes Programm zusammen!<\/p>\n<\/div>\n\n\n\n<div class=\"wp-block-column is-layout-flow wp-block-column-is-layout-flow\">\n<div class=\"wp-block-jvm-single-icon aligncenter has-text-color has-link-color wp-elements-4399052e527daf06a64508b87c73719f\" style=\"color:#ff9900\"><i class=\"icon fa fa-shield\" aria-hidden=\"true\" style=\"font-size:78px\"> <\/i><\/div>\n\n\n\n<h3 class=\"wp-block-heading has-text-align-center\">Aus- und <br>Weiterbildungen<\/h3>\n\n\n\n<p class=\"has-text-align-center has-medium-font-size\">F\u00fcr VIP-Fahrer, Chauffeure und Personensch\u00fctzer bieten wir umfassende Training zum sicheren Fahren unter Druck.<\/p>\n<\/div>\n<\/div>\n\n\n\n<div style=\"height:41px\" aria-hidden=\"true\" class=\"wp-block-spacer\"><\/div>\n<\/div>\n\n\n\n<div class=\"wp-block-group alignwide has-global-padding is-layout-constrained wp-container-core-group-is-layout-481dc8fc wp-block-group-is-layout-constrained\" style=\"margin-top:0;margin-bottom:0;padding-top:0;padding-right:0;padding-bottom:0;padding-left:0\">\n<figure class=\"wp-block-gallery alignwide has-nested-images columns-default is-cropped wp-block-gallery-1 is-layout-flex wp-block-gallery-is-layout-flex\">\n<figure class=\"wp-block-image size-full\"><img loading=\"lazy\" decoding=\"async\" width=\"454\" height=\"244\" data-id=\"35\" src=\"https:\/\/www.drivingcoach.de\/wp-content\/uploads\/2025\/11\/drivingcoach_rennstrecke.jpg\" alt=\"\" class=\"wp-image-35\" srcset=\"https:\/\/www.drivingcoach.de\/wp-content\/uploads\/2025\/11\/drivingcoach_rennstrecke.jpg 454w, https:\/\/www.drivingcoach.de\/wp-content\/uploads\/2025\/11\/drivingcoach_rennstrecke-300x161.jpg 300w\" sizes=\"auto, (max-width: 454px) 100vw, 454px\" \/><\/figure>\n\n\n\n<figure class=\"wp-block-image size-full\"><img loading=\"lazy\" decoding=\"async\" width=\"454\" height=\"244\" data-id=\"36\" src=\"https:\/\/www.drivingcoach.de\/wp-content\/uploads\/2025\/11\/drivingcoach_rennstrecke_1.jpg\" alt=\"\" class=\"wp-image-36\" srcset=\"https:\/\/www.drivingcoach.de\/wp-content\/uploads\/2025\/11\/drivingcoach_rennstrecke_1.jpg 454w, https:\/\/www.drivingcoach.de\/wp-content\/uploads\/2025\/11\/drivingcoach_rennstrecke_1-300x161.jpg 300w\" sizes=\"auto, (max-width: 454px) 100vw, 454px\" \/><\/figure>\n\n\n\n<figure class=\"wp-block-image size-full\"><img loading=\"lazy\" decoding=\"async\" width=\"908\" height=\"488\" data-id=\"37\" src=\"https:\/\/www.drivingcoach.de\/wp-content\/uploads\/2025\/11\/drivingcoach_firmenevent.jpg\" alt=\"\" class=\"wp-image-37\" srcset=\"https:\/\/www.drivingcoach.de\/wp-content\/uploads\/2025\/11\/drivingcoach_firmenevent.jpg 908w, https:\/\/www.drivingcoach.de\/wp-content\/uploads\/2025\/11\/drivingcoach_firmenevent-300x161.jpg 300w, https:\/\/www.drivingcoach.de\/wp-content\/uploads\/2025\/11\/drivingcoach_firmenevent-768x413.jpg 768w\" sizes=\"auto, (max-width: 908px) 100vw, 908px\" \/><\/figure>\n\n\n\n<figure class=\"wp-block-image size-full\"><img loading=\"lazy\" decoding=\"async\" width=\"1156\" height=\"622\" data-id=\"39\" src=\"https:\/\/www.drivingcoach.de\/wp-content\/uploads\/2025\/11\/drivingcoach_event.jpg\" alt=\"\" class=\"wp-image-39\" srcset=\"https:\/\/www.drivingcoach.de\/wp-content\/uploads\/2025\/11\/drivingcoach_event.jpg 1156w, https:\/\/www.drivingcoach.de\/wp-content\/uploads\/2025\/11\/drivingcoach_event-300x161.jpg 300w, https:\/\/www.drivingcoach.de\/wp-content\/uploads\/2025\/11\/drivingcoach_event-1024x551.jpg 1024w, https:\/\/www.drivingcoach.de\/wp-content\/uploads\/2025\/11\/drivingcoach_event-768x413.jpg 768w\" sizes=\"auto, (max-width: 1156px) 100vw, 1156px\" \/><\/figure>\n\n\n\n<figure class=\"wp-block-image size-full\"><img loading=\"lazy\" decoding=\"async\" width=\"454\" height=\"244\" data-id=\"40\" src=\"https:\/\/www.drivingcoach.de\/wp-content\/uploads\/2025\/11\/drivingcoach_eisfahren.jpg\" alt=\"\" class=\"wp-image-40\" srcset=\"https:\/\/www.drivingcoach.de\/wp-content\/uploads\/2025\/11\/drivingcoach_eisfahren.jpg 454w, https:\/\/www.drivingcoach.de\/wp-content\/uploads\/2025\/11\/drivingcoach_eisfahren-300x161.jpg 300w\" sizes=\"auto, (max-width: 454px) 100vw, 454px\" \/><\/figure>\n\n\n\n<figure class=\"wp-block-image size-full\"><img loading=\"lazy\" decoding=\"async\" width=\"454\" height=\"244\" data-id=\"41\" src=\"https:\/\/www.drivingcoach.de\/wp-content\/uploads\/2025\/11\/drivingcoach_eis.jpg\" alt=\"\" class=\"wp-image-41\" srcset=\"https:\/\/www.drivingcoach.de\/wp-content\/uploads\/2025\/11\/drivingcoach_eis.jpg 454w, https:\/\/www.drivingcoach.de\/wp-content\/uploads\/2025\/11\/drivingcoach_eis-300x161.jpg 300w\" sizes=\"auto, (max-width: 454px) 100vw, 454px\" \/><\/figure>\n<\/figure>\n<\/div>\n\n\n\n<div class=\"wp-block-group alignwide has-accent-5-background-color has-background has-global-padding is-layout-constrained wp-container-core-group-is-layout-2bf434fa wp-block-group-is-layout-constrained\" style=\"margin-top:0;margin-bottom:0;padding-top:var(--wp--preset--spacing--30);padding-right:var(--wp--preset--spacing--40);padding-bottom:var(--wp--preset--spacing--30);padding-left:var(--wp--preset--spacing--40)\">\n<div style=\"height:80px\" aria-hidden=\"true\" class=\"wp-block-spacer\"><\/div>\n\n\n\n<h2 class=\"wp-block-heading\">Kontakt<\/h2>\n\n\n\n<p>Sie haben Fragen, w\u00fcrden uns gerne buchen oder \u00fcber eine gemeinsame Veranstaltung reden? Rufen Sie uns an oder schreiben Sie uns eine Email. Wir melden uns dann baldm\u00f6glichst bei Ihnen!<\/p>\n\n\n\n<div class=\"wp-block-columns is-layout-flex wp-container-core-columns-is-layout-28f84493 wp-block-columns-is-layout-flex\">\n<div class=\"wp-block-column is-layout-flow wp-block-column-is-layout-flow\">\n<div class=\"wp-block-jvm-single-icon aligncenter has-text-color has-link-color wp-elements-610b6dc4923c98b161fa40953cfc5950\" style=\"color:#ff9900\"><i class=\"icon fa fa-handshake-o\" aria-hidden=\"true\" style=\"font-size:78px\"> <\/i><\/div>\n\n\n\n<p class=\"has-text-align-center\"><strong>Markus Schreiber<br><\/strong>In den G\u00e4rten 10<br>90455 N\u00fcrnberg<\/p>\n<\/div>\n\n\n\n<div class=\"wp-block-column is-layout-flow wp-block-column-is-layout-flow\">\n<div class=\"wp-block-jvm-single-icon aligncenter has-text-color has-link-color wp-elements-587fc5bd54b185eaad7e14ff5610238f\" style=\"color:#ff9900\"><i class=\"icon fa fa-mobile-phone\" aria-hidden=\"true\" style=\"font-size:78px\"> <\/i><\/div>\n\n\n\n<p class=\"has-text-align-center\"><strong>Telefon<\/strong>:<br>0172-8100 358<\/p>\n<\/div>\n\n\n\n<div class=\"wp-block-column is-layout-flow wp-block-column-is-layout-flow\">\n<div class=\"wp-block-jvm-single-icon aligncenter has-text-color has-link-color wp-elements-2d4169fa9055e3e19701308288925faa\" style=\"color:#ff9900\"><i class=\"icon fa fa-mail-forward\" aria-hidden=\"true\" style=\"font-size:78px\"> <\/i><\/div>\n\n\n\n<p class=\"has-text-align-center\">E-Mail:<\/p>\n\n\n\n<p class=\"has-text-align-center\"><a href=\"mailto:info@markusschreiber.de\">info@markus<\/a><br><a href=\"mailto:info@markusschreiber.de\">schreiber.de<\/a>\u00a0<\/p>\n<\/div>\n<\/div>\n\n\n\n<div style=\"height:80px\" aria-hidden=\"true\" class=\"wp-block-spacer\"><\/div>\n<\/div>\n\n\n\n<h2 class=\"wp-block-heading\">Impressum<\/h2>\n\n\n\n<div class=\"wp-block-columns is-layout-flex wp-container-core-columns-is-layout-28f84493 wp-block-columns-is-layout-flex\">\n<div class=\"wp-block-column has-small-font-size is-layout-flow wp-block-column-is-layout-flow\">\n<p>Angaben gem\u00e4\u00df $5 TMG<\/p>\n\n\n\n<p><strong>Markus Schreiber<br><\/strong>In den G\u00e4rten 10<br>90455 N\u00fcrnberg<\/p>\n\n\n\n<p>Kontakt:<br>Telefon 0172-8100 358<br>E-Mail: <a href=\"mailto:info@markusscheiber.de\">info@markusscheiber.de<\/a><\/p>\n\n\n\n<p>Umsatzsteuer-ID: DE229316099<\/p>\n<\/div>\n\n\n\n<div class=\"wp-block-column has-small-font-size is-layout-flow wp-block-column-is-layout-flow\">\n<h3 class=\"wp-block-heading\">Haftungsausschluss<\/h3>\n\n\n\n<p>Dieses Impressum stellt ein Muster dar und bietet keine Gew\u00e4hr f\u00fcr Vollst\u00e4ndigkeit und Richtigkeit. Die Haftung f\u00fcr ein unvollst\u00e4ndiges oder fehlerhaftes Impressum wird nicht \u00fcbernommen. Bei individuellen Fragen k\u00f6nnen Sie uns gerne&nbsp;<a href=\"https:\/\/www.activemind.de\/unternehmen\/kontakt\/\">eine E-Mail schicken<\/a>.<\/p>\n\n\n\n<h3 class=\"wp-block-heading\">Nutzungsbedingungen<\/h3>\n\n\n\n<p>Wenn Sie das Impressum oder Teile davon auf Ihrer Website verwenden, ist der Hinweis auf die activeMind AG und der Link zu unserer Website auf jeden Fall im Text zu belassen. Bei Einhaltung dieser Regelung darf das Impressum f\u00fcr pers\u00f6nliche oder gewerbliche Websites sowohl f\u00fcr den eigenen Bedarf als auch f\u00fcr Kunden verwendet werden.<\/p>\n<\/div>\n<\/div>\n\n\n\n<div style=\"height:41px\" aria-hidden=\"true\" class=\"wp-block-spacer\"><\/div>\n\n\n\n<h2 class=\"wp-block-heading\">Datenschutzhinweise<\/h2>\n\n\n\n<h3 class=\"wp-block-heading has-medium-font-size\">Verantwortlicher<\/h3>\n\n\n\n<p class=\"has-small-font-size\">Verantwortlicher im Sinne der Datenschutzgesetze, insbesondere der EU-Datenschutz-Grundverordnung (DSGVO), ist:<\/p>\n\n\n\n<p class=\"has-small-font-size\">Markus Schreiber<br>In den G\u00e4rten 10<br>90455 N\u00fcrnberg<\/p>\n\n\n\n<h3 class=\"wp-block-heading has-medium-font-size\">Ihre Betroffenenrechte<\/h3>\n\n\n\n<p class=\"has-small-font-size\">Unter den angegebenen Kontaktdaten k\u00f6nnen Sie gem\u00e4\u00df EU-Datenschutz-Grundverordnung (DSGVO) jederzeit folgende Rechte aus\u00fcben:<\/p>\n\n\n\n<ul class=\"wp-block-list has-small-font-size\">\n<li>Auskunft \u00fcber Ihre bei uns gespeicherten Daten und deren Verarbeitung (Art. 15 DSGVO),<\/li>\n\n\n\n<li>Berichtigung unrichtiger personenbezogener Daten (Art. 16 DSGVO),<\/li>\n\n\n\n<li>L\u00f6schung Ihrer bei uns gespeicherten Daten (Art. 17 DSGVO),<\/li>\n\n\n\n<li>Einschr\u00e4nkung der Datenverarbeitung, sofern wir Ihre Daten aufgrund gesetzlicher Pflichten noch nicht l\u00f6schen d\u00fcrfen (Art. 18 DSGVO),<\/li>\n\n\n\n<li>Widerspruch gegen die Verarbeitung Ihrer Daten bei uns (Art. 21 DSGVO) und<\/li>\n\n\n\n<li>Daten\u00fcbertragbarkeit, sofern Sie in die Datenverarbeitung eingewilligt haben oder einen Vertrag mit uns abgeschlossen haben (Art. 20 DSGVO).<\/li>\n<\/ul>\n\n\n\n<p class=\"has-small-font-size\">Sofern Sie uns eine Einwilligung erteilt haben, k\u00f6nnen Sie diese jederzeit mit Wirkung f\u00fcr die Zukunft widerrufen.<\/p>\n\n\n\n<p class=\"has-small-font-size\">Sie k\u00f6nnen sich jederzeit mit einer Beschwerde an eine Aufsichtsbeh\u00f6rde wenden, z. B. an die zust\u00e4ndige Aufsichtsbeh\u00f6rde des Bundeslands Ihres Wohnsitzes oder an die f\u00fcr uns als verantwortliche Stelle zust\u00e4ndige Beh\u00f6rde.<\/p>\n\n\n\n<p class=\"has-small-font-size\">Eine Liste der Aufsichtsbeh\u00f6rden (f\u00fcr den nicht\u00f6ffentlichen Bereich) mit Anschrift finden Sie unter:&nbsp;<a href=\"https:\/\/www.bfdi.bund.de\/DE\/Infothek\/Anschriften_Links\/anschriften_links-node.html\">https:\/\/www.bfdi.bund.de\/DE\/Infothek\/Anschriften_Links\/anschriften_links-node.html<\/a>.<\/p>\n\n\n\n<h3 class=\"wp-block-heading has-medium-font-size\">Verarbeitungst\u00e4tigkeiten<\/h3>\n\n\n\n<h3 class=\"wp-block-heading has-small-font-size\">Erfassung allgemeiner Informationen beim Besuch unserer Website<\/h3>\n\n\n\n<h4 class=\"wp-block-heading has-medium-font-size\">Art und Zweck der Verarbeitung<\/h4>\n\n\n\n<p class=\"has-small-font-size\">Wenn Sie auf unsere Website zugreifen, d.h., wenn Sie sich nicht registrieren oder anderweitig Informationen \u00fcbermitteln, werden automatisch Informationen allgemeiner Natur erfasst. Diese Informationen (Server-Logfiles) beinhalten etwa die Art des Webbrowsers, das verwendete Betriebssystem, den Domainnamen Ihres Internet-Service-Providers, Ihre IP-Adresse und \u00e4hnliches.<\/p>\n\n\n\n<p class=\"has-small-font-size\">Sie werden insbesondere zu folgenden Zwecken verarbeitet:<\/p>\n\n\n\n<ul class=\"wp-block-list has-78-font-size\">\n<li class=\"has-small-font-size\">Sicherstellung eines problemlosen Verbindungsaufbaus der Website<\/li>\n\n\n\n<li class=\"has-small-font-size\">Sicherstellung einer reibungslosen Nutzung der Website<\/li>\n\n\n\n<li class=\"has-small-font-size\">Sicherstellung und Auswertung der Systemsicherheit und -stabilit\u00e4t, insbesondere zur Missbrauchserkennung<\/li>\n\n\n\n<li class=\"has-small-font-size\">zur technisch fehlerfreien Darstellung und Optimierung der Website<\/li>\n<\/ul>\n\n\n\n<p class=\"has-small-font-size\">Wir verwenden Ihre Daten nicht, um R\u00fcckschl\u00fcsse auf Ihre Person zu ziehen. Allerdings behalten wir uns vor, die Server-Logfiles nachtr\u00e4glich zu \u00fcberpr\u00fcfen, sollten konkrete Anhaltspunkte auf eine rechtswidrige Nutzung hinweisen.<\/p>\n\n\n\n<h4 class=\"wp-block-heading has-78-font-size\">Rechtsgrundlage und berechtigtes Interesse<\/h4>\n\n\n\n<p class=\"has-small-font-size\">Die Verarbeitung erfolgt gem\u00e4\u00df Art. 6 Abs. 1 lit. f DSGVO auf Basis unseres berechtigten Interesses an der Verbesserung der Stabilit\u00e4t und Funktionalit\u00e4t unserer Website sowie der Sicherstellung der Systemsicherheit und Missbrauchserkennung.<\/p>\n\n\n\n<h4 class=\"wp-block-heading has-78-font-size\">Empf\u00e4nger<\/h4>\n\n\n\n<p class=\"has-small-font-size\">Empf\u00e4nger der Daten sind ggf. technische Dienstleister, die f\u00fcr den Betrieb und die Wartung unserer Webseite als Auftragsverarbeiter t\u00e4tig werden.<\/p>\n\n\n\n<h4 class=\"wp-block-heading has-78-font-size\">Speicherdauer<\/h4>\n\n\n\n<p class=\"has-small-font-size\">Daten werden in Server-Log-Dateien in einer Form, die die Identifizierung der betroffenen Personen erm\u00f6glicht, maximal f\u00fcr 3 Monate gespeichert; es sei denn, dass ein sicherheitsrelevantes Ereignis auftritt (z.B. ein DDoS-Angriff).<\/p>\n\n\n\n<p class=\"has-small-font-size\">Im Falle eines solchen Ereignisses werden Server-Log-Dateien bis zur Beseitigung und vollst\u00e4ndigen Aufkl\u00e4rung des sicherheitsrelevanten Ereignisses gespeichert.<\/p>\n\n\n\n<h4 class=\"wp-block-heading has-78-font-size\">Bereitstellung vorgeschrieben oder erforderlich<\/h4>\n\n\n\n<p class=\"has-small-font-size\">Die Bereitstellung der vorgenannten personenbezogenen Daten ist weder gesetzlich noch vertraglich vorgeschrieben. Ohne die IP-Adresse ist jedoch der Dienst und die Funktionsf\u00e4higkeit unserer Website nicht gew\u00e4hrleistet. Zudem k\u00f6nnen einzelne Dienste und Services nicht verf\u00fcgbar oder eingeschr\u00e4nkt sein.<\/p>\n\n\n\n<h4 class=\"wp-block-heading has-78-font-size\">Widerspruch<\/h4>\n\n\n\n<p class=\"has-small-font-size\">Lesen Sie dazu die Informationen \u00fcber Ihr Widerspruchsrecht nach Art. 21 DSGVO weiter unten.<\/p>\n\n\n\n<h3 class=\"wp-block-heading has-medium-font-size\">Information \u00fcber Ihr Widerspruchsrecht nach Art. 21 DSGVO<\/h3>\n\n\n\n<h4 class=\"wp-block-heading has-78-font-size\">Einzelfallbezogenes Widerspruchsrecht<\/h4>\n\n\n\n<p class=\"has-small-font-size\">Sie haben das Recht, aus Gr\u00fcnden, die sich aus Ihrer besonderen Situation ergeben, jederzeit gegen die Verarbeitung Sie betreffender personenbezogener Daten, die aufgrund Art. 6 Abs. 1 lit. f DSGVO (Datenverarbeitung auf der Grundlage einer Interessenabw\u00e4gung) erfolgt, Widerspruch einzulegen; dies gilt auch f\u00fcr ein auf diese Bestimmung gest\u00fctztes Profiling im Sinne von Art. 4 Nr. 4 DSGVO.<\/p>\n\n\n\n<p class=\"has-small-font-size\">Legen Sie Widerspruch ein, werden wir Ihre personenbezogenen Daten nicht mehr verarbeiten, es sei denn, wir k\u00f6nnen zwingende schutzw\u00fcrdige Gr\u00fcnde f\u00fcr die Verarbeitung nachweisen, die Ihre Interessen, Rechte und Freiheiten \u00fcberwiegen, oder die Verarbeitung dient der Geltendmachung, Aus\u00fcbung oder Verteidigung von Rechtsanspr\u00fcchen.<\/p>\n\n\n\n<h4 class=\"wp-block-heading has-medium-font-size\">Empf\u00e4nger eines Widerspruchs<\/h4>\n\n\n\n<p class=\"has-small-font-size\">Markus Schreiber<br>In den G\u00e4rten 10<br>90455 N\u00fcrnberg<\/p>\n\n\n\n<h3 class=\"wp-block-heading has-medium-font-size\">\u00c4nderung unserer Datenschutzerkl\u00e4rung<\/h3>\n\n\n\n<p class=\"has-small-font-size\">Wir behalten uns vor, diese Datenschutzerkl\u00e4rung anzupassen, damit sie stets den aktuellen rechtlichen Anforderungen entspricht oder um \u00c4nderungen unserer Leistungen in der Datenschutzerkl\u00e4rung umzusetzen, z.B. bei der Einf\u00fchrung neuer Services. F\u00fcr Ihren erneuten Besuch gilt dann die neue Datenschutzerkl\u00e4rung.<\/p>\n\n\n\n<h3 class=\"wp-block-heading has-medium-font-size\">Fragen zum Datenschutz<\/h3>\n\n\n\n<p class=\"has-small-font-size\">Wenn Sie Fragen zum Datenschutz haben, schreiben Sie uns bitte eine E-Mail an den oben genannten Verantwortlichen.<\/p>\n\n\n\n<h3 class=\"wp-block-heading has-medium-font-size\">Urheberrechtliche Hinweise<\/h3>\n\n\n\n<p class=\"has-small-font-size\"><em>Diese Datenschutzerkl\u00e4rung wurde mit Hilfe der activeMind AG erstellt \u2013 den Experten f\u00fcr&nbsp;<a href=\"https:\/\/www.activemind.de\/datenschutz\/datenschutzbeauftragter\/\" target=\"_blank\" rel=\"noreferrer noopener\">externe Datenschutzbeauftragte<\/a>&nbsp;(Version #2024-10-25).<\/em><\/p>\n\n\n\n<p class=\"has-78-font-size\"><\/p>\n\n\n\n<p><\/p>\n","protected":false},"excerpt":{"rendered":"<p>Seit \u00fcber 25 Jahren sind wir im Bereich der PKW Fahrausbildung t\u00e4tig. Unser Spektrum reicht vom PKW Fahrsicherheitstraining \u00fcber das Sportfahrertraining bis hin zu speziellen Schulungen im Bereich Personenschutz und VIP Fahrern. Unser Team besteht aus Spezialisten aus der milit\u00e4rischen\/polizeilichen Ausbildung und Instruktoren mit jahrelanger internationaler Rennsporterfahrung und sind nach den neuesten DVR-Richtlinien ausgebildet. Professionelles [&hellip;]<\/p>\n","protected":false},"author":1,"featured_media":0,"parent":0,"menu_order":0,"comment_status":"closed","ping_status":"closed","template":"","meta":{"footnotes":""},"class_list":["post-9","page","type-page","status-publish","hentry"],"_links":{"self":[{"href":"https:\/\/www.drivingcoach.de\/index.php?rest_route=\/wp\/v2\/pages\/9","targetHints":{"allow":["GET"]}}],"collection":[{"href":"https:\/\/www.drivingcoach.de\/index.php?rest_route=\/wp\/v2\/pages"}],"about":[{"href":"https:\/\/www.drivingcoach.de\/index.php?rest_route=\/wp\/v2\/types\/page"}],"author":[{"embeddable":true,"href":"https:\/\/www.drivingcoach.de\/index.php?rest_route=\/wp\/v2\/users\/1"}],"replies":[{"embeddable":true,"href":"https:\/\/www.drivingcoach.de\/index.php?rest_route=%2Fwp%2Fv2%2Fcomments&post=9"}],"version-history":[{"count":19,"href":"https:\/\/www.drivingcoach.de\/index.php?rest_route=\/wp\/v2\/pages\/9\/revisions"}],"predecessor-version":[{"id":53,"href":"https:\/\/www.drivingcoach.de\/index.php?rest_route=\/wp\/v2\/pages\/9\/revisions\/53"}],"wp:attachment":[{"href":"https:\/\/www.drivingcoach.de\/index.php?rest_route=%2Fwp%2Fv2%2Fmedia&parent=9"}],"curies":[{"name":"wp","href":"https:\/\/api.w.org\/{rel}","templated":true}]}}